{"id":9288,"date":"2022-03-21T12:09:28","date_gmt":"2022-03-21T11:09:28","guid":{"rendered":"https:\/\/cogenicam.com\/?post_type=product&#038;p=9288"},"modified":"2022-03-24T16:02:24","modified_gmt":"2022-03-24T15:02:24","slug":"groupe-electrogene-800w","status":"publish","type":"product","link":"https:\/\/cogenicam.com\/en\/product\/groupe-electrogene-800w\/","title":{"rendered":"Groupe \u00e9lectrog\u00e8ne 800W"},"content":{"rendered":"<h2>Caract\u00e9ristiques groupe \u00e9lectrog\u00e8ne 800W<\/h2>\n<div class=\"MuiBox-root jss2094 jss1482\">\n<div class=\"MuiBox-root jss2351 jss1482\">\n<div class=\"MuiBox-root jss2441 jss1482\">\n<ul>\n<li>Tension nominale (V):\u00a0220-240<\/li>\n<li>Fr\u00e9quence nominale (Hz):\u00a050<\/li>\n<li>Puissance max. (KW):\u00a00,8<\/li>\n<li>Puissance nominale (kW):\u00a00,65<\/li>\n<li>Vitesse nominale (tr \/ min):\u00a03000<\/li>\n<li>Moteur:\u00a02 temps<\/li>\n<li>R\u00e9servoir de carburant (L):\u00a04.0<\/li>\n<li>Poids \u00e0 sec (Kg):\u00a016,5<\/li>\n<\/ul>\n<\/div>\n<\/div>\n<\/div>\n<p>Distributeur Exclusif : <a href=\"https:\/\/www.totalbusiness.com\/\" target=\"_blank\" rel=\"noopener\">Total Tools<\/a><\/p>","protected":false},"excerpt":{"rendered":"<p>Groupe \u00e9lectrog\u00e8ne 800W<\/p>","protected":false},"featured_media":9289,"comment_status":"open","ping_status":"closed","template":"","meta":{"om_disable_all_campaigns":false,"inline_featured_image":false,"_monsterinsights_skip_tracking":false,"_monsterinsights_sitenote_active":false,"_monsterinsights_sitenote_note":"","_monsterinsights_sitenote_category":0,"_uf_show_specific_survey":0,"_uf_disable_surveys":false},"product_brand":[],"product_cat":[293,288,147],"product_tag":[206,224,164,161],"class_list":{"0":"post-9288","1":"product","2":"type-product","3":"status-publish","4":"has-post-thumbnail","6":"product_cat-appareillage","7":"product_cat-groupe-electrogene","8":"product_cat-total","9":"product_tag-bricolage","10":"product_tag-groupe","11":"product_tag-groupe-electrogene","12":"product_tag-total","14":"first","15":"instock","16":"sold-individually","17":"shipping-taxable","18":"purchasable","19":"product-type-simple"},"jetpack_sharing_enabled":true,"_links":{"self":[{"href":"https:\/\/cogenicam.com\/en\/wp-json\/wp\/v2\/product\/9288","targetHints":{"allow":["GET"]}}],"collection":[{"href":"https:\/\/cogenicam.com\/en\/wp-json\/wp\/v2\/product"}],"about":[{"href":"https:\/\/cogenicam.com\/en\/wp-json\/wp\/v2\/types\/product"}],"replies":[{"embeddable":true,"href":"https:\/\/cogenicam.com\/en\/wp-json\/wp\/v2\/comments?post=9288"}],"wp:featuredmedia":[{"embeddable":true,"href":"https:\/\/cogenicam.com\/en\/wp-json\/wp\/v2\/media\/9289"}],"wp:attachment":[{"href":"https:\/\/cogenicam.com\/en\/wp-json\/wp\/v2\/media?parent=9288"}],"wp:term":[{"taxonomy":"product_brand","embeddable":true,"href":"https:\/\/cogenicam.com\/en\/wp-json\/wp\/v2\/product_brand?post=9288"},{"taxonomy":"product_cat","embeddable":true,"href":"https:\/\/cogenicam.com\/en\/wp-json\/wp\/v2\/product_cat?post=9288"},{"taxonomy":"product_tag","embeddable":true,"href":"https:\/\/cogenicam.com\/en\/wp-json\/wp\/v2\/product_tag?post=9288"}],"curies":[{"name":"wp","href":"https:\/\/api.w.org\/{rel}","templated":true}]}}