{"id":9185,"date":"2022-03-17T14:22:06","date_gmt":"2022-03-17T13:22:06","guid":{"rendered":"https:\/\/cogenicam.com\/?post_type=product&#038;p=9185"},"modified":"2022-03-24T16:45:00","modified_gmt":"2022-03-24T15:45:00","slug":"carreau-deco-60x60cm","status":"publish","type":"product","link":"https:\/\/cogenicam.com\/en\/product\/carreau-deco-60x60cm\/","title":{"rendered":"Carreau d\u00e9co 60x60cm"},"content":{"rendered":"<h2>Caract\u00e9ristiques techniques carreau d\u00e9co 60x60cm<\/h2>\n<p>&nbsp;<\/p>\n<ul>\n<li><strong>Longueur<\/strong> : 60 cm<\/li>\n<li><strong>Largeur<\/strong> : 60 cm<\/li>\n<li><strong>Poids<\/strong> : 2kg<\/li>\n<li><strong>Composition<\/strong> : 4<\/li>\n<li><strong>Mati\u00e8re<\/strong> : Porcelaine<\/li>\n<li><strong>Dimension<\/strong> : 3600 cm\u00b2<\/li>\n<li><strong>Forme<\/strong> : carr\u00e9<\/li>\n<\/ul>","protected":false},"excerpt":{"rendered":"<p>Caract\u00e9ristiques techniques carreau d\u00e9co 60x60cm &nbsp; Longueur : 60 cm Largeur : 60 cm Poids : 2kg Composition : 4 Mati\u00e8re : Porcelaine Dimension : 3600 cm\u00b2 Forme : carr\u00e9<\/p>","protected":false},"featured_media":9186,"comment_status":"open","ping_status":"closed","template":"","meta":{"om_disable_all_campaigns":false,"inline_featured_image":false,"_monsterinsights_skip_tracking":false,"_monsterinsights_sitenote_active":false,"_monsterinsights_sitenote_note":"","_monsterinsights_sitenote_category":0,"_uf_show_specific_survey":0,"_uf_disable_surveys":false},"product_brand":[],"product_cat":[190,276],"product_tag":[191,192],"class_list":{"0":"post-9185","1":"product","2":"type-product","3":"status-publish","4":"has-post-thumbnail","6":"product_cat-carreaux","7":"product_cat-quincaillerie","8":"product_tag-carreau","9":"product_tag-carreau-deco","11":"first","12":"instock","13":"sold-individually","14":"shipping-taxable","15":"purchasable","16":"product-type-simple"},"jetpack_sharing_enabled":true,"_links":{"self":[{"href":"https:\/\/cogenicam.com\/en\/wp-json\/wp\/v2\/product\/9185","targetHints":{"allow":["GET"]}}],"collection":[{"href":"https:\/\/cogenicam.com\/en\/wp-json\/wp\/v2\/product"}],"about":[{"href":"https:\/\/cogenicam.com\/en\/wp-json\/wp\/v2\/types\/product"}],"replies":[{"embeddable":true,"href":"https:\/\/cogenicam.com\/en\/wp-json\/wp\/v2\/comments?post=9185"}],"wp:featuredmedia":[{"embeddable":true,"href":"https:\/\/cogenicam.com\/en\/wp-json\/wp\/v2\/media\/9186"}],"wp:attachment":[{"href":"https:\/\/cogenicam.com\/en\/wp-json\/wp\/v2\/media?parent=9185"}],"wp:term":[{"taxonomy":"product_brand","embeddable":true,"href":"https:\/\/cogenicam.com\/en\/wp-json\/wp\/v2\/product_brand?post=9185"},{"taxonomy":"product_cat","embeddable":true,"href":"https:\/\/cogenicam.com\/en\/wp-json\/wp\/v2\/product_cat?post=9185"},{"taxonomy":"product_tag","embeddable":true,"href":"https:\/\/cogenicam.com\/en\/wp-json\/wp\/v2\/product_tag?post=9185"}],"curies":[{"name":"wp","href":"https:\/\/api.w.org\/{rel}","templated":true}]}}