{"id":12279,"date":"2024-01-15T22:44:50","date_gmt":"2024-01-15T21:44:50","guid":{"rendered":"https:\/\/cogenicam.com\/?page_id=12279"},"modified":"2024-01-15T23:02:51","modified_gmt":"2024-01-15T22:02:51","slug":"produits","status":"publish","type":"page","link":"https:\/\/cogenicam.com\/en\/produits\/","title":{"rendered":"Produits"},"content":{"rendered":"<div data-elementor-type=\"wp-page\" data-elementor-id=\"12279\" class=\"elementor elementor-12279\">\n\t\t\t\t\t\t<section class=\"elementor-section elementor-top-section elementor-element elementor-element-22cf603 elementor-section-boxed elementor-section-height-default elementor-section-height-default\" data-id=\"22cf603\" data-element_type=\"section\" data-e-type=\"section\">\n\t\t\t\t\t\t<div class=\"elementor-container elementor-column-gap-default\">\n\t\t\t\t\t<div class=\"elementor-column elementor-col-100 elementor-top-column elementor-element elementor-element-d3f248f\" data-id=\"d3f248f\" data-element_type=\"column\" data-e-type=\"column\">\n\t\t\t<div class=\"elementor-widget-wrap elementor-element-populated\">\n\t\t\t\t\t\t<div class=\"elementor-element elementor-element-8725fe4 elementor-widget elementor-widget-heading\" data-id=\"8725fe4\" data-element_type=\"widget\" data-e-type=\"widget\" data-widget_type=\"heading.default\">\n\t\t\t\t<div class=\"elementor-widget-container\">\n\t\t\t\t\t<h2 class=\"elementor-heading-title elementor-size-default\">PRODUITS A PETIT PRIX<\/h2>\t\t\t\t<\/div>\n\t\t\t\t<\/div>\n\t\t\t\t\t<\/div>\n\t\t<\/div>\n\t\t\t\t\t<\/div>\n\t\t<\/section>\n\t\t\t\t<section class=\"elementor-section elementor-top-section elementor-element elementor-element-a371bb6 elementor-section-boxed elementor-section-height-default elementor-section-height-default\" data-id=\"a371bb6\" data-element_type=\"section\" data-e-type=\"section\">\n\t\t\t\t\t\t<div class=\"elementor-container elementor-column-gap-default\">\n\t\t\t\t\t<div class=\"elementor-column elementor-col-100 elementor-top-column elementor-element elementor-element-0b6e589\" data-id=\"0b6e589\" data-element_type=\"column\" data-e-type=\"column\">\n\t\t\t<div class=\"elementor-widget-wrap\">\n\t\t\t\t\t\t\t<\/div>\n\t\t<\/div>\n\t\t\t\t\t<\/div>\n\t\t<\/section>\n\t\t\t\t<section class=\"elementor-section elementor-top-section elementor-element elementor-element-9f74e7c elementor-section-boxed elementor-section-height-default elementor-section-height-default\" data-id=\"9f74e7c\" data-element_type=\"section\" data-e-type=\"section\">\n\t\t\t\t\t\t<div class=\"elementor-container elementor-column-gap-default\">\n\t\t\t\t\t<div class=\"elementor-column elementor-col-100 elementor-top-column elementor-element elementor-element-15f1120\" data-id=\"15f1120\" data-element_type=\"column\" data-e-type=\"column\">\n\t\t\t<div class=\"elementor-widget-wrap\">\n\t\t\t\t\t\t\t<\/div>\n\t\t<\/div>\n\t\t\t\t\t<\/div>\n\t\t<\/section>\n\t\t\t\t<\/div>","protected":false},"excerpt":{"rendered":"<p>PRODUITS A PETIT PRIX Filter Affichage de 1&ndash;8 sur 383 r\u00e9sultats Tri par d\u00e9fautTri par popularit\u00e9Tri du plus r\u00e9cent au plus ancienTri par tarif croissantTri par tarif d\u00e9croissant Appareillage, Outils, Total Agrafes 12&#215;0,7mm Acheter Appareillage, Outils, Total Agrafeuse 4-14mm Acheter Ampoule, Electricit\u00e9, Ingelec Ampoule \u00e9conomique Acheter Electricit\u00e9, Applique murale Applique murale Acheter Applique murale, Electricit\u00e9 [&hellip;]<\/p>\n","protected":false},"author":1,"featured_media":0,"parent":0,"menu_order":0,"comment_status":"closed","ping_status":"closed","template":"","meta":{"om_disable_all_campaigns":false,"inline_featured_image":false,"_monsterinsights_skip_tracking":false,"_monsterinsights_sitenote_active":false,"_monsterinsights_sitenote_note":"","_monsterinsights_sitenote_category":0,"_uf_show_specific_survey":0,"_uf_disable_surveys":false,"footnotes":""},"class_list":["post-12279","page","type-page","status-publish","hentry"],"jetpack_sharing_enabled":true,"_links":{"self":[{"href":"https:\/\/cogenicam.com\/en\/wp-json\/wp\/v2\/pages\/12279","targetHints":{"allow":["GET"]}}],"collection":[{"href":"https:\/\/cogenicam.com\/en\/wp-json\/wp\/v2\/pages"}],"about":[{"href":"https:\/\/cogenicam.com\/en\/wp-json\/wp\/v2\/types\/page"}],"author":[{"embeddable":true,"href":"https:\/\/cogenicam.com\/en\/wp-json\/wp\/v2\/users\/1"}],"replies":[{"embeddable":true,"href":"https:\/\/cogenicam.com\/en\/wp-json\/wp\/v2\/comments?post=12279"}],"version-history":[{"count":5,"href":"https:\/\/cogenicam.com\/en\/wp-json\/wp\/v2\/pages\/12279\/revisions"}],"predecessor-version":[{"id":12286,"href":"https:\/\/cogenicam.com\/en\/wp-json\/wp\/v2\/pages\/12279\/revisions\/12286"}],"wp:attachment":[{"href":"https:\/\/cogenicam.com\/en\/wp-json\/wp\/v2\/media?parent=12279"}],"curies":[{"name":"wp","href":"https:\/\/api.w.org\/{rel}","templated":true}]}}